{"id":449,"date":"2021-06-17T11:34:09","date_gmt":"2021-06-17T15:34:09","guid":{"rendered":"http:\/\/carrierevdm.com\/produits-sur-mesure\/"},"modified":"2024-05-13T11:42:24","modified_gmt":"2024-05-13T15:42:24","slug":"custom-made-products","status":"publish","type":"page","link":"https:\/\/carrierevdm.com\/en\/custom-made-products\/","title":{"rendered":"Custom-made products"},"content":{"rendered":"<div class=\"wpb-content-wrapper\"><p>[vc_section el_class=&#8221;section-no-padding section-no-margin big-arrow-bottom&#8221;][vc_row parallax=&#8221;content-moving&#8221; parallax_image=&#8221;238&#8243; parallax_speed_bg=&#8221;1.25&#8243; type=&#8221;full_width&#8221; el_class=&#8221;text-image-row align-items-center padding-v-100 parallax-left parallax-blend-lighten&#8221;][vc_column width=&#8221;7\/12&#8243; el_class=&#8221;text-col&#8221;][vc_column_text css_animation=&#8221;fadeIn&#8221;]<\/p>\n<h1>Adapted<br \/>\nto your needs<\/h1>\n<p><span class=\"VIiyi\" lang=\"en\"><span class=\"JLqJ4b ChMk0b\" data-language-for-alternatives=\"en\" data-language-to-translate-into=\"fr\" data-phrase-index=\"0\">This service is aimed particularly at commercial projects requiring special requirements such as:<\/span><\/span><\/p>\n<ul>\n<li><span class=\"VIiyi\" lang=\"en\"><span class=\"JLqJ4b ChMk0b\" data-language-for-alternatives=\"en\" data-language-to-translate-into=\"fr\" data-phrase-index=\"0\">Municipal project<\/span><\/span><\/li>\n<li><span class=\"VIiyi\" lang=\"en\"><span class=\"JLqJ4b ChMk0b\" data-language-for-alternatives=\"en\" data-language-to-translate-into=\"fr\" data-phrase-index=\"2\">Environmental project<\/span><\/span><\/li>\n<li><span class=\"VIiyi\" lang=\"en\"><span class=\"JLqJ4b ChMk0b\" data-language-for-alternatives=\"en\" data-language-to-translate-into=\"fr\" data-phrase-index=\"4\">Large-scale project (general contractor)<\/span> <\/span><\/li>\n<\/ul>\n<p><span class=\"VIiyi\" lang=\"en\"><span class=\"JLqJ4b ChMk0b\" data-language-for-alternatives=\"en\" data-language-to-translate-into=\"fr\" data-phrase-index=\"6\">A technical sheet, issued by an engineering firm in Granulometry, is available on request for some of our existing materials .<\/span><\/span><\/p>\n<p><span class=\"VIiyi\" lang=\"en\"><span class=\"JLqJ4b ChMk0b\" data-language-for-alternatives=\"en\" data-language-to-translate-into=\"fr\" data-phrase-index=\"8\">It is with great pleasure that we can plan a meeting in order to create together a unique material to meet your needs and requirements as much as possible.<\/span><\/span>[\/vc_column_text]<a href=\"\/en\/contact-us\" target=\"_self\" class=\"dist-btn wpb_animate_when_almost_visible wpb_fadeIn fadeIn\">Contact us<\/a>[\/vc_column][vc_column width=&#8221;5\/12&#8243; el_class=&#8221;no-padding-col hide-at-899&#8243;][vc_raw_html]JTNDdmlkZW8lMjB3aWR0aCUzRCUyMjEwMCUyNSUyMiUyMGhlaWdodCUzRCUyMmF1dG8lMjIlMjBwb3N0ZXIlM0QlMjIlMkZ3cC1jb250ZW50JTJGdXBsb2FkcyUyRjIwMjElMkYwNiUyRm1lc3VyZXMtdG9wLWltYWdlLmpwZyUyMiUyMGF1dG9wbGF5JTIwbXV0ZWQlMjBsb29wJTNFJTBBJTIwJTIwJTNDc291cmNlJTIwc3JjJTNEJTIyJTJGd3AtY29udGVudCUyRnVwbG9hZHMlMkYyMDIxJTJGMDYlMkZ2aWRlby1tZXN1cmVzLXRvcC5tcDQlMjIlMjB0eXBlJTNEJTIydmlkZW8lMkZtcDQlMjIlM0UlMEElM0MlMkZ2aWRlbyUzRQ==[\/vc_raw_html][\/vc_column][\/vc_row][\/vc_section][vc_row parallax=&#8221;content-moving&#8221; parallax_speed_bg=&#8221;1.25&#8243; type=&#8221;in_grid&#8221; el_class=&#8221;cta-row padding-v-200&#8243; css=&#8221;.vc_custom_1624287338949{background-image: url(http:\/\/carrierevdm.com\/wp-content\/uploads\/2021\/06\/sur-mesure-cta-bg.jpg?id=234) !important;}&#8221;][vc_column width=&#8221;1\/2&#8243;][vc_column_text css_animation=&#8221;fadeIn&#8221; el_class=&#8221;cta-flexibilite&#8221;]No matter the size of your project, VDM is your supplier of choice for bulk products.[\/vc_column_text]<a href=\"\/en\/contact-us\" target=\"_self\" class=\"dist-btn wpb_animate_when_almost_visible wpb_fadeIn fadeIn\">Contact us today<\/a>[\/vc_column][vc_column width=&#8221;1\/2&#8243;][vc_column_text css_animation=&#8221;fadeIn&#8221; el_class=&#8221;cta-livraison&#8221;]The reference in<br \/>\n<u>bulk products.<\/u>[\/vc_column_text][\/vc_column][\/vc_row]<\/p>\n<\/div>","protected":false},"excerpt":{"rendered":"<p>[vc_section el_class=&#8221;section-no-padding section-no-margin big-arrow-bottom&#8221;][vc_row parallax=&#8221;content-moving&#8221; parallax_image=&#8221;238&#8243; parallax_speed_bg=&#8221;1.25&#8243; type=&#8221;full_width&#8221; el_class=&#8221;text-image-row align-items-center padding-v-100 parallax-left parallax-blend-lighten&#8221;][vc_column width=&#8221;7\/12&#8243; el_class=&#8221;text-col&#8221;][vc_column_text css_animation=&#8221;fadeIn&#8221;] Adapted to your needs This service is aimed particularly at commercial projects requiring special requirements such as: Municipal project Environmental project Large-scale project (general contractor) A technical sheet, issued by an engineering firm in Granulometry, is available on request [&hellip;]<\/p>\n","protected":false},"author":1,"featured_media":0,"parent":0,"menu_order":0,"comment_status":"closed","ping_status":"closed","template":"","meta":{"footnotes":""},"class_list":["post-449","page","type-page","status-publish","hentry"],"yoast_head":"<!-- This site is optimized with the Yoast SEO plugin v25.6 - https:\/\/yoast.com\/wordpress\/plugins\/seo\/ -->\n<title>Custom-made products &#8211; VDM Carri\u00e8re Sabli\u00e8re<\/title>\n<meta name=\"robots\" content=\"index, follow, max-snippet:-1, max-image-preview:large, max-video-preview:-1\" \/>\n<link rel=\"canonical\" href=\"https:\/\/carrierevdm.com\/en\/custom-made-products\/\" \/>\n<meta property=\"og:locale\" content=\"en_US\" \/>\n<meta property=\"og:type\" content=\"article\" \/>\n<meta property=\"og:title\" content=\"Custom-made products &#8211; VDM Carri\u00e8re Sabli\u00e8re\" \/>\n<meta property=\"og:description\" content=\"[vc_section el_class=&#8221;section-no-padding section-no-margin big-arrow-bottom&#8221;][vc_row parallax=&#8221;content-moving&#8221; parallax_image=&#8221;238&#8243; parallax_speed_bg=&#8221;1.25&#8243; type=&#8221;full_width&#8221; el_class=&#8221;text-image-row align-items-center padding-v-100 parallax-left parallax-blend-lighten&#8221;][vc_column width=&#8221;7\/12&#8243; el_class=&#8221;text-col&#8221;][vc_column_text css_animation=&#8221;fadeIn&#8221;] Adapted to your needs This service is aimed particularly at commercial projects requiring special requirements such as: Municipal project Environmental project Large-scale project (general contractor) A technical sheet, issued by an engineering firm in Granulometry, is available on request [&hellip;]\" \/>\n<meta property=\"og:url\" content=\"https:\/\/carrierevdm.com\/en\/custom-made-products\/\" \/>\n<meta property=\"og:site_name\" content=\"VDM Carri\u00e8re Sabli\u00e8re\" \/>\n<meta property=\"article:modified_time\" content=\"2024-05-13T15:42:24+00:00\" \/>\n<meta property=\"og:image\" content=\"https:\/\/carrierevdm.com\/wp-content\/uploads\/2021\/06\/social.jpg\" \/>\n\t<meta property=\"og:image:width\" content=\"1200\" \/>\n\t<meta property=\"og:image:height\" content=\"1200\" \/>\n\t<meta property=\"og:image:type\" content=\"image\/jpeg\" \/>\n<meta name=\"twitter:card\" content=\"summary_large_image\" \/>\n<meta name=\"twitter:label1\" content=\"Est. reading time\" \/>\n\t<meta name=\"twitter:data1\" content=\"1 minute\" \/>\n<script type=\"application\/ld+json\" class=\"yoast-schema-graph\">{\"@context\":\"https:\/\/schema.org\",\"@graph\":[{\"@type\":\"WebPage\",\"@id\":\"https:\/\/carrierevdm.com\/en\/custom-made-products\/\",\"url\":\"https:\/\/carrierevdm.com\/en\/custom-made-products\/\",\"name\":\"Custom-made products &#8211; VDM Carri\u00e8re Sabli\u00e8re\",\"isPartOf\":{\"@id\":\"https:\/\/carrierevdm.com\/#website\"},\"datePublished\":\"2021-06-17T15:34:09+00:00\",\"dateModified\":\"2024-05-13T15:42:24+00:00\",\"breadcrumb\":{\"@id\":\"https:\/\/carrierevdm.com\/en\/custom-made-products\/#breadcrumb\"},\"inLanguage\":\"en-CA\",\"potentialAction\":[{\"@type\":\"ReadAction\",\"target\":[\"https:\/\/carrierevdm.com\/en\/custom-made-products\/\"]}]},{\"@type\":\"BreadcrumbList\",\"@id\":\"https:\/\/carrierevdm.com\/en\/custom-made-products\/#breadcrumb\",\"itemListElement\":[{\"@type\":\"ListItem\",\"position\":1,\"name\":\"Accueil\",\"item\":\"https:\/\/carrierevdm.com\/en\/\"},{\"@type\":\"ListItem\",\"position\":2,\"name\":\"Custom-made products\"}]},{\"@type\":\"WebSite\",\"@id\":\"https:\/\/carrierevdm.com\/#website\",\"url\":\"https:\/\/carrierevdm.com\/\",\"name\":\"VDM Carri\u00e8re Sabli\u00e8re\",\"description\":\"La r\u00e9f\u00e9rence en produits en vrac en Outaouais\",\"potentialAction\":[{\"@type\":\"SearchAction\",\"target\":{\"@type\":\"EntryPoint\",\"urlTemplate\":\"https:\/\/carrierevdm.com\/?s={search_term_string}\"},\"query-input\":{\"@type\":\"PropertyValueSpecification\",\"valueRequired\":true,\"valueName\":\"search_term_string\"}}],\"inLanguage\":\"en-CA\"}]}<\/script>\n<!-- \/ Yoast SEO plugin. -->","yoast_head_json":{"title":"Custom-made products &#8211; VDM Carri\u00e8re Sabli\u00e8re","robots":{"index":"index","follow":"follow","max-snippet":"max-snippet:-1","max-image-preview":"max-image-preview:large","max-video-preview":"max-video-preview:-1"},"canonical":"https:\/\/carrierevdm.com\/en\/custom-made-products\/","og_locale":"en_US","og_type":"article","og_title":"Custom-made products &#8211; VDM Carri\u00e8re Sabli\u00e8re","og_description":"[vc_section el_class=&#8221;section-no-padding section-no-margin big-arrow-bottom&#8221;][vc_row parallax=&#8221;content-moving&#8221; parallax_image=&#8221;238&#8243; parallax_speed_bg=&#8221;1.25&#8243; type=&#8221;full_width&#8221; el_class=&#8221;text-image-row align-items-center padding-v-100 parallax-left parallax-blend-lighten&#8221;][vc_column width=&#8221;7\/12&#8243; el_class=&#8221;text-col&#8221;][vc_column_text css_animation=&#8221;fadeIn&#8221;] Adapted to your needs This service is aimed particularly at commercial projects requiring special requirements such as: Municipal project Environmental project Large-scale project (general contractor) A technical sheet, issued by an engineering firm in Granulometry, is available on request [&hellip;]","og_url":"https:\/\/carrierevdm.com\/en\/custom-made-products\/","og_site_name":"VDM Carri\u00e8re Sabli\u00e8re","article_modified_time":"2024-05-13T15:42:24+00:00","og_image":[{"width":1200,"height":1200,"url":"https:\/\/carrierevdm.com\/wp-content\/uploads\/2021\/06\/social.jpg","type":"image\/jpeg"}],"twitter_card":"summary_large_image","twitter_misc":{"Est. reading time":"1 minute"},"schema":{"@context":"https:\/\/schema.org","@graph":[{"@type":"WebPage","@id":"https:\/\/carrierevdm.com\/en\/custom-made-products\/","url":"https:\/\/carrierevdm.com\/en\/custom-made-products\/","name":"Custom-made products &#8211; VDM Carri\u00e8re Sabli\u00e8re","isPartOf":{"@id":"https:\/\/carrierevdm.com\/#website"},"datePublished":"2021-06-17T15:34:09+00:00","dateModified":"2024-05-13T15:42:24+00:00","breadcrumb":{"@id":"https:\/\/carrierevdm.com\/en\/custom-made-products\/#breadcrumb"},"inLanguage":"en-CA","potentialAction":[{"@type":"ReadAction","target":["https:\/\/carrierevdm.com\/en\/custom-made-products\/"]}]},{"@type":"BreadcrumbList","@id":"https:\/\/carrierevdm.com\/en\/custom-made-products\/#breadcrumb","itemListElement":[{"@type":"ListItem","position":1,"name":"Accueil","item":"https:\/\/carrierevdm.com\/en\/"},{"@type":"ListItem","position":2,"name":"Custom-made products"}]},{"@type":"WebSite","@id":"https:\/\/carrierevdm.com\/#website","url":"https:\/\/carrierevdm.com\/","name":"VDM Carri\u00e8re Sabli\u00e8re","description":"La r\u00e9f\u00e9rence en produits en vrac en Outaouais","potentialAction":[{"@type":"SearchAction","target":{"@type":"EntryPoint","urlTemplate":"https:\/\/carrierevdm.com\/?s={search_term_string}"},"query-input":{"@type":"PropertyValueSpecification","valueRequired":true,"valueName":"search_term_string"}}],"inLanguage":"en-CA"}]}},"_links":{"self":[{"href":"https:\/\/carrierevdm.com\/en\/wp-json\/wp\/v2\/pages\/449"}],"collection":[{"href":"https:\/\/carrierevdm.com\/en\/wp-json\/wp\/v2\/pages"}],"about":[{"href":"https:\/\/carrierevdm.com\/en\/wp-json\/wp\/v2\/types\/page"}],"author":[{"embeddable":true,"href":"https:\/\/carrierevdm.com\/en\/wp-json\/wp\/v2\/users\/1"}],"replies":[{"embeddable":true,"href":"https:\/\/carrierevdm.com\/en\/wp-json\/wp\/v2\/comments?post=449"}],"version-history":[{"count":10,"href":"https:\/\/carrierevdm.com\/en\/wp-json\/wp\/v2\/pages\/449\/revisions"}],"predecessor-version":[{"id":868,"href":"https:\/\/carrierevdm.com\/en\/wp-json\/wp\/v2\/pages\/449\/revisions\/868"}],"wp:attachment":[{"href":"https:\/\/carrierevdm.com\/en\/wp-json\/wp\/v2\/media?parent=449"}],"curies":[{"name":"wp","href":"https:\/\/api.w.org\/{rel}","templated":true}]}}