{"id":442,"date":"2021-06-17T11:34:20","date_gmt":"2021-06-17T15:34:20","guid":{"rendered":"http:\/\/carrierevdm.com\/nos-services\/"},"modified":"2024-05-13T11:47:13","modified_gmt":"2024-05-13T15:47:13","slug":"our-services","status":"publish","type":"page","link":"https:\/\/carrierevdm.com\/en\/our-services\/","title":{"rendered":"Our services"},"content":{"rendered":"<div class=\"wpb-content-wrapper\"><p>[vc_section parallax=&#8221;content-moving&#8221; parallax_image=&#8221;288&#8243; parallax_speed_bg=&#8221;1.25&#8243; el_class=&#8221;section-no-padding section-no-margin parallax-left parallax-blend-lighten big-arrow-bottom&#8221;][vc_row type=&#8221;full_width&#8221; el_class=&#8221;text-image-row align-items-center padding-v-100&#8243;][vc_column width=&#8221;7\/12&#8243; el_class=&#8221;text-col&#8221;][vc_column_text css_animation=&#8221;fadeIn&#8221;]<\/p>\n<h1>Your projects,<br \/>\nour priority<\/h1>\n<p>No matter the size or complexity of your project, we have a variety of products that will meet all your needs.[\/vc_column_text][\/vc_column][vc_column width=&#8221;5\/12&#8243; el_class=&#8221;no-padding-col hide-at-899&#8243;][vc_raw_html]JTNDdmlkZW8lMjB3aWR0aCUzRCUyMjEwMCUyNSUyMiUyMGhlaWdodCUzRCUyMmF1dG8lMjIlMjBwb3N0ZXIlM0QlMjIlMkZ3cC1jb250ZW50JTJGdXBsb2FkcyUyRjIwMjElMkYwNiUyRnNlcnZpY2UtdG9wLWltYWdlLmpwZyUyMiUyMGF1dG9wbGF5JTIwbXV0ZWQlMjBsb29wJTNFJTBBJTIwJTIwJTNDc291cmNlJTIwc3JjJTNEJTIyJTJGd3AtY29udGVudCUyRnVwbG9hZHMlMkYyMDIxJTJGMDYlMkZ2aWRlby1zZXJ2aWNlcy10b3AubXA0JTIyJTIwdHlwZSUzRCUyMnZpZGVvJTJGbXA0JTIyJTNFJTBBJTNDJTJGdmlkZW8lM0U=[\/vc_raw_html][\/vc_column][\/vc_row][vc_row type=&#8221;full_width&#8221; el_class=&#8221;text-image-row align-items-center padding-v-100 parallax-left&#8221;][vc_column width=&#8221;1\/3&#8243; el_class=&#8221;no-padding-col hide-at-899&#8243;][vc_single_image image=&#8221;277&#8243; img_size=&#8221;full&#8221;][\/vc_column][vc_column width=&#8221;2\/3&#8243; el_class=&#8221;text-col with-left-arrow&#8221;][vc_column_text css_animation=&#8221;fadeIn&#8221;]<\/p>\n<h2>Bulk products<\/h2>\n<p>VDM offers you bulk product services such as consultation and sale. This is why we have a full range of bulk products (top soil, soil, mulch, sand, rock, etc.). We therefore guarantee you the best prices in the region, without of course compromising the quality of our services or our products. We are committed to exceeding your expectations, whatever they may be. Meeting your needs is at the heart of our mandate as your premier supplier of bulk products.[\/vc_column_text]<a href=\"\/en\/bulk-products\" target=\"_self\" class=\"dist-btn wpb_animate_when_almost_visible wpb_fadeIn fadeIn\">See our bulk products<\/a>[\/vc_column][\/vc_row][vc_row type=&#8221;full_width&#8221;][vc_column][\/vc_column][\/vc_row][\/vc_section][vc_row parallax=&#8221;content-moving&#8221; parallax_image=&#8221;259&#8243; parallax_speed_bg=&#8221;1.25&#8243; type=&#8221;in_grid&#8221; el_class=&#8221;cta-row padding-v-200 big-arrow-top&#8221; css=&#8221;.vc_custom_1624540406671{background-image: url(http:\/\/carrierevdm.com\/wp-content\/uploads\/2021\/06\/sur-mesure-cta-bg.jpg?id=234) !important;}&#8221;][vc_column width=&#8221;1\/2&#8243;][vc_column_text css_animation=&#8221;fadeIn&#8221; el_class=&#8221;cta-flexibilite&#8221;]No matter the size of your project, VDM is your supplier of choice for bulk products.[\/vc_column_text]<a href=\"\/en\/contact-us\" target=\"_self\" class=\"dist-btn wpb_animate_when_almost_visible wpb_fadeIn fadeIn\">Contact us today<\/a>[\/vc_column][vc_column width=&#8221;1\/2&#8243;][vc_column_text css_animation=&#8221;fadeIn&#8221; el_class=&#8221;cta-livraison&#8221;]The reference in<br \/>\n<u>bulk products.<\/u>[\/vc_column_text][\/vc_column][\/vc_row]<\/p>\n<\/div>","protected":false},"excerpt":{"rendered":"<p>[vc_section parallax=&#8221;content-moving&#8221; parallax_image=&#8221;288&#8243; parallax_speed_bg=&#8221;1.25&#8243; el_class=&#8221;section-no-padding section-no-margin parallax-left parallax-blend-lighten big-arrow-bottom&#8221;][vc_row type=&#8221;full_width&#8221; el_class=&#8221;text-image-row align-items-center padding-v-100&#8243;][vc_column width=&#8221;7\/12&#8243; el_class=&#8221;text-col&#8221;][vc_column_text css_animation=&#8221;fadeIn&#8221;] Your projects, our priority No matter the size or complexity of your project, we have a variety of products that will meet all your needs.[\/vc_column_text][\/vc_column][vc_column width=&#8221;5\/12&#8243; el_class=&#8221;no-padding-col hide-at-899&#8243;][vc_raw_html]JTNDdmlkZW8lMjB3aWR0aCUzRCUyMjEwMCUyNSUyMiUyMGhlaWdodCUzRCUyMmF1dG8lMjIlMjBwb3N0ZXIlM0QlMjIlMkZ3cC1jb250ZW50JTJGdXBsb2FkcyUyRjIwMjElMkYwNiUyRnNlcnZpY2UtdG9wLWltYWdlLmpwZyUyMiUyMGF1dG9wbGF5JTIwbXV0ZWQlMjBsb29wJTNFJTBBJTIwJTIwJTNDc291cmNlJTIwc3JjJTNEJTIyJTJGd3AtY29udGVudCUyRnVwbG9hZHMlMkYyMDIxJTJGMDYlMkZ2aWRlby1zZXJ2aWNlcy10b3AubXA0JTIyJTIwdHlwZSUzRCUyMnZpZGVvJTJGbXA0JTIyJTNFJTBBJTNDJTJGdmlkZW8lM0U=[\/vc_raw_html][\/vc_column][\/vc_row][vc_row type=&#8221;full_width&#8221; el_class=&#8221;text-image-row align-items-center padding-v-100 parallax-left&#8221;][vc_column width=&#8221;1\/3&#8243; el_class=&#8221;no-padding-col hide-at-899&#8243;][vc_single_image image=&#8221;277&#8243; img_size=&#8221;full&#8221;][\/vc_column][vc_column width=&#8221;2\/3&#8243; [&hellip;]<\/p>\n","protected":false},"author":1,"featured_media":0,"parent":0,"menu_order":0,"comment_status":"closed","ping_status":"closed","template":"","meta":{"footnotes":""},"class_list":["post-442","page","type-page","status-publish","hentry"],"yoast_head":"<!-- This site is optimized with the Yoast SEO plugin v25.6 - https:\/\/yoast.com\/wordpress\/plugins\/seo\/ -->\n<title>Our services &#8211; VDM Carri\u00e8re Sabli\u00e8re<\/title>\n<meta name=\"robots\" content=\"index, follow, max-snippet:-1, max-image-preview:large, max-video-preview:-1\" \/>\n<link rel=\"canonical\" href=\"https:\/\/carrierevdm.com\/en\/our-services\/\" \/>\n<meta property=\"og:locale\" content=\"en_US\" \/>\n<meta property=\"og:type\" content=\"article\" \/>\n<meta property=\"og:title\" content=\"Our services &#8211; VDM Carri\u00e8re Sabli\u00e8re\" \/>\n<meta property=\"og:description\" content=\"[vc_section parallax=&#8221;content-moving&#8221; parallax_image=&#8221;288&#8243; parallax_speed_bg=&#8221;1.25&#8243; el_class=&#8221;section-no-padding section-no-margin parallax-left parallax-blend-lighten big-arrow-bottom&#8221;][vc_row type=&#8221;full_width&#8221; el_class=&#8221;text-image-row align-items-center padding-v-100&#8243;][vc_column width=&#8221;7\/12&#8243; el_class=&#8221;text-col&#8221;][vc_column_text css_animation=&#8221;fadeIn&#8221;] Your projects, our priority No matter the size or complexity of your project, we have a variety of products that will meet all your needs.[\/vc_column_text][\/vc_column][vc_column width=&#8221;5\/12&#8243; el_class=&#8221;no-padding-col hide-at-899&#8243;][vc_raw_html]JTNDdmlkZW8lMjB3aWR0aCUzRCUyMjEwMCUyNSUyMiUyMGhlaWdodCUzRCUyMmF1dG8lMjIlMjBwb3N0ZXIlM0QlMjIlMkZ3cC1jb250ZW50JTJGdXBsb2FkcyUyRjIwMjElMkYwNiUyRnNlcnZpY2UtdG9wLWltYWdlLmpwZyUyMiUyMGF1dG9wbGF5JTIwbXV0ZWQlMjBsb29wJTNFJTBBJTIwJTIwJTNDc291cmNlJTIwc3JjJTNEJTIyJTJGd3AtY29udGVudCUyRnVwbG9hZHMlMkYyMDIxJTJGMDYlMkZ2aWRlby1zZXJ2aWNlcy10b3AubXA0JTIyJTIwdHlwZSUzRCUyMnZpZGVvJTJGbXA0JTIyJTNFJTBBJTNDJTJGdmlkZW8lM0U=[\/vc_raw_html][\/vc_column][\/vc_row][vc_row type=&#8221;full_width&#8221; el_class=&#8221;text-image-row align-items-center padding-v-100 parallax-left&#8221;][vc_column width=&#8221;1\/3&#8243; el_class=&#8221;no-padding-col hide-at-899&#8243;][vc_single_image image=&#8221;277&#8243; img_size=&#8221;full&#8221;][\/vc_column][vc_column width=&#8221;2\/3&#8243; [&hellip;]\" \/>\n<meta property=\"og:url\" content=\"https:\/\/carrierevdm.com\/en\/our-services\/\" \/>\n<meta property=\"og:site_name\" content=\"VDM Carri\u00e8re Sabli\u00e8re\" \/>\n<meta property=\"article:modified_time\" content=\"2024-05-13T15:47:13+00:00\" \/>\n<meta property=\"og:image\" content=\"https:\/\/carrierevdm.com\/wp-content\/uploads\/2021\/06\/social.jpg\" \/>\n\t<meta property=\"og:image:width\" content=\"1200\" \/>\n\t<meta property=\"og:image:height\" content=\"1200\" \/>\n\t<meta property=\"og:image:type\" content=\"image\/jpeg\" \/>\n<meta name=\"twitter:card\" content=\"summary_large_image\" \/>\n<meta name=\"twitter:label1\" content=\"Est. reading time\" \/>\n\t<meta name=\"twitter:data1\" content=\"1 minute\" \/>\n<script type=\"application\/ld+json\" class=\"yoast-schema-graph\">{\"@context\":\"https:\/\/schema.org\",\"@graph\":[{\"@type\":\"WebPage\",\"@id\":\"https:\/\/carrierevdm.com\/en\/our-services\/\",\"url\":\"https:\/\/carrierevdm.com\/en\/our-services\/\",\"name\":\"Our services &#8211; VDM Carri\u00e8re Sabli\u00e8re\",\"isPartOf\":{\"@id\":\"https:\/\/carrierevdm.com\/#website\"},\"datePublished\":\"2021-06-17T15:34:20+00:00\",\"dateModified\":\"2024-05-13T15:47:13+00:00\",\"breadcrumb\":{\"@id\":\"https:\/\/carrierevdm.com\/en\/our-services\/#breadcrumb\"},\"inLanguage\":\"en-CA\",\"potentialAction\":[{\"@type\":\"ReadAction\",\"target\":[\"https:\/\/carrierevdm.com\/en\/our-services\/\"]}]},{\"@type\":\"BreadcrumbList\",\"@id\":\"https:\/\/carrierevdm.com\/en\/our-services\/#breadcrumb\",\"itemListElement\":[{\"@type\":\"ListItem\",\"position\":1,\"name\":\"Accueil\",\"item\":\"https:\/\/carrierevdm.com\/en\/\"},{\"@type\":\"ListItem\",\"position\":2,\"name\":\"Our services\"}]},{\"@type\":\"WebSite\",\"@id\":\"https:\/\/carrierevdm.com\/#website\",\"url\":\"https:\/\/carrierevdm.com\/\",\"name\":\"VDM Carri\u00e8re Sabli\u00e8re\",\"description\":\"La r\u00e9f\u00e9rence en produits en vrac en Outaouais\",\"potentialAction\":[{\"@type\":\"SearchAction\",\"target\":{\"@type\":\"EntryPoint\",\"urlTemplate\":\"https:\/\/carrierevdm.com\/?s={search_term_string}\"},\"query-input\":{\"@type\":\"PropertyValueSpecification\",\"valueRequired\":true,\"valueName\":\"search_term_string\"}}],\"inLanguage\":\"en-CA\"}]}<\/script>\n<!-- \/ Yoast SEO plugin. -->","yoast_head_json":{"title":"Our services &#8211; VDM Carri\u00e8re Sabli\u00e8re","robots":{"index":"index","follow":"follow","max-snippet":"max-snippet:-1","max-image-preview":"max-image-preview:large","max-video-preview":"max-video-preview:-1"},"canonical":"https:\/\/carrierevdm.com\/en\/our-services\/","og_locale":"en_US","og_type":"article","og_title":"Our services &#8211; VDM Carri\u00e8re Sabli\u00e8re","og_description":"[vc_section parallax=&#8221;content-moving&#8221; parallax_image=&#8221;288&#8243; parallax_speed_bg=&#8221;1.25&#8243; el_class=&#8221;section-no-padding section-no-margin parallax-left parallax-blend-lighten big-arrow-bottom&#8221;][vc_row type=&#8221;full_width&#8221; el_class=&#8221;text-image-row align-items-center padding-v-100&#8243;][vc_column width=&#8221;7\/12&#8243; el_class=&#8221;text-col&#8221;][vc_column_text css_animation=&#8221;fadeIn&#8221;] Your projects, our priority No matter the size or complexity of your project, we have a variety of products that will meet all your needs.[\/vc_column_text][\/vc_column][vc_column width=&#8221;5\/12&#8243; el_class=&#8221;no-padding-col hide-at-899&#8243;][vc_raw_html]JTNDdmlkZW8lMjB3aWR0aCUzRCUyMjEwMCUyNSUyMiUyMGhlaWdodCUzRCUyMmF1dG8lMjIlMjBwb3N0ZXIlM0QlMjIlMkZ3cC1jb250ZW50JTJGdXBsb2FkcyUyRjIwMjElMkYwNiUyRnNlcnZpY2UtdG9wLWltYWdlLmpwZyUyMiUyMGF1dG9wbGF5JTIwbXV0ZWQlMjBsb29wJTNFJTBBJTIwJTIwJTNDc291cmNlJTIwc3JjJTNEJTIyJTJGd3AtY29udGVudCUyRnVwbG9hZHMlMkYyMDIxJTJGMDYlMkZ2aWRlby1zZXJ2aWNlcy10b3AubXA0JTIyJTIwdHlwZSUzRCUyMnZpZGVvJTJGbXA0JTIyJTNFJTBBJTNDJTJGdmlkZW8lM0U=[\/vc_raw_html][\/vc_column][\/vc_row][vc_row type=&#8221;full_width&#8221; el_class=&#8221;text-image-row align-items-center padding-v-100 parallax-left&#8221;][vc_column width=&#8221;1\/3&#8243; el_class=&#8221;no-padding-col hide-at-899&#8243;][vc_single_image image=&#8221;277&#8243; img_size=&#8221;full&#8221;][\/vc_column][vc_column width=&#8221;2\/3&#8243; [&hellip;]","og_url":"https:\/\/carrierevdm.com\/en\/our-services\/","og_site_name":"VDM Carri\u00e8re Sabli\u00e8re","article_modified_time":"2024-05-13T15:47:13+00:00","og_image":[{"width":1200,"height":1200,"url":"https:\/\/carrierevdm.com\/wp-content\/uploads\/2021\/06\/social.jpg","type":"image\/jpeg"}],"twitter_card":"summary_large_image","twitter_misc":{"Est. reading time":"1 minute"},"schema":{"@context":"https:\/\/schema.org","@graph":[{"@type":"WebPage","@id":"https:\/\/carrierevdm.com\/en\/our-services\/","url":"https:\/\/carrierevdm.com\/en\/our-services\/","name":"Our services &#8211; VDM Carri\u00e8re Sabli\u00e8re","isPartOf":{"@id":"https:\/\/carrierevdm.com\/#website"},"datePublished":"2021-06-17T15:34:20+00:00","dateModified":"2024-05-13T15:47:13+00:00","breadcrumb":{"@id":"https:\/\/carrierevdm.com\/en\/our-services\/#breadcrumb"},"inLanguage":"en-CA","potentialAction":[{"@type":"ReadAction","target":["https:\/\/carrierevdm.com\/en\/our-services\/"]}]},{"@type":"BreadcrumbList","@id":"https:\/\/carrierevdm.com\/en\/our-services\/#breadcrumb","itemListElement":[{"@type":"ListItem","position":1,"name":"Accueil","item":"https:\/\/carrierevdm.com\/en\/"},{"@type":"ListItem","position":2,"name":"Our services"}]},{"@type":"WebSite","@id":"https:\/\/carrierevdm.com\/#website","url":"https:\/\/carrierevdm.com\/","name":"VDM Carri\u00e8re Sabli\u00e8re","description":"La r\u00e9f\u00e9rence en produits en vrac en Outaouais","potentialAction":[{"@type":"SearchAction","target":{"@type":"EntryPoint","urlTemplate":"https:\/\/carrierevdm.com\/?s={search_term_string}"},"query-input":{"@type":"PropertyValueSpecification","valueRequired":true,"valueName":"search_term_string"}}],"inLanguage":"en-CA"}]}},"_links":{"self":[{"href":"https:\/\/carrierevdm.com\/en\/wp-json\/wp\/v2\/pages\/442"}],"collection":[{"href":"https:\/\/carrierevdm.com\/en\/wp-json\/wp\/v2\/pages"}],"about":[{"href":"https:\/\/carrierevdm.com\/en\/wp-json\/wp\/v2\/types\/page"}],"author":[{"embeddable":true,"href":"https:\/\/carrierevdm.com\/en\/wp-json\/wp\/v2\/users\/1"}],"replies":[{"embeddable":true,"href":"https:\/\/carrierevdm.com\/en\/wp-json\/wp\/v2\/comments?post=442"}],"version-history":[{"count":13,"href":"https:\/\/carrierevdm.com\/en\/wp-json\/wp\/v2\/pages\/442\/revisions"}],"predecessor-version":[{"id":875,"href":"https:\/\/carrierevdm.com\/en\/wp-json\/wp\/v2\/pages\/442\/revisions\/875"}],"wp:attachment":[{"href":"https:\/\/carrierevdm.com\/en\/wp-json\/wp\/v2\/media?parent=442"}],"curies":[{"name":"wp","href":"https:\/\/api.w.org\/{rel}","templated":true}]}}