{"id":435,"date":"2021-06-17T11:34:29","date_gmt":"2021-06-17T15:34:29","guid":{"rendered":"http:\/\/carrierevdm.com\/a-propos\/"},"modified":"2024-05-13T11:47:38","modified_gmt":"2024-05-13T15:47:38","slug":"about-us","status":"publish","type":"page","link":"https:\/\/carrierevdm.com\/en\/about-us\/","title":{"rendered":"About us"},"content":{"rendered":"<div class=\"wpb-content-wrapper\"><p>[vc_section el_class=&#8221;section-no-padding section-no-margin big-arrow-bottom&#8221;][vc_row parallax=&#8221;content-moving&#8221; parallax_image=&#8221;505&#8243; parallax_speed_bg=&#8221;1.25&#8243; type=&#8221;full_width&#8221; el_class=&#8221;text-image-row align-items-center padding-v-100 parallax-left parallax-blend-lighten&#8221;][vc_column width=&#8221;7\/12&#8243; el_class=&#8221;text-col&#8221;][vc_column_text css_animation=&#8221;fadeIn&#8221;]<\/p>\n<h1>About<br \/>\nVDM<\/h1>\n<p>Carri\u00e8re Sabli\u00e8re VDM, formerly Materre en vrac, is a family company that has gained an important place in the Outaouais region over the years. We are proud to say that we are celebrating our 10th anniversary this year (2021) and that we have more than 35 years of fatherly experience that has helped us climb the ladder and carve out a place for us in this profession. We stand out for our exemplary and courteous service. Proximity to our customers is our priority. We are an attentive, dynamic and smiling team that is very punctual. The reliability of our products has convinced more than one! With your constructive comments and suggestions, we were able to improve certain products that make us the reference in Outaouais. We manufacture almost all of our products on site with caring and knowledgeable people. We are on the lookout for new developments and all work very hard to make your experience satisfying and enjoyable.<\/p>\n<p>Thank you for trusting us after all these years![\/vc_column_text]<a href=\"#faq\" target=\"_self\" class=\"dist-btn wpb_animate_when_almost_visible wpb_fadeIn fadeIn\">Questions about our products?<\/a>[\/vc_column][vc_column width=&#8221;5\/12&#8243; el_class=&#8221;no-padding-col hide-at-899&#8243;][vc_single_image image=&#8221;179&#8243; img_size=&#8221;full&#8221; alignment=&#8221;right&#8221;][\/vc_column][\/vc_row][vc_row css_animation=&#8221;fadeIn&#8221; type=&#8221;in_grid&#8221; el_id=&#8221;faq&#8221; el_class=&#8221;faq-row padding-v-200&#8243;][vc_column][vc_column_text el_class=&#8221;margin-b-100&#8243;]<\/p>\n<h2 style=\"text-align: center;\">F.A.Q.<\/h2>\n<p style=\"text-align: center;\">Many of you ask us about quantities.<\/p>\n<p style=\"text-align: center;\">We are always available to answer your questions or help you with your purchases. However, we believe that it is interesting to briefly define the quantities.<br \/>\nHere are some ways to demonstrate what 1 yard of soil, mulch, rock is compared to a full trip of the same materials.<\/p>\n<p>[\/vc_column_text]\t\t<div class=\"dist-accordion\" data-type=\"accordion\">\n\t\t\t\t\t<div class=\"dist-accordion-section\">\n\t\t\t<div class=\"dist-accordion-title\"><h4>1 yard of mulch<\/h4><\/div>\n\t\t\t<div class=\"dist-accordion-content\">[vc_tta_section tab_id=&#8221;1624305274816-bb0aadd9-1b1e&#8221; el_class=&#8221;verge-faq&#8221;][vc_single_image image=&#8221;343&#8243; img_size=&#8221;full&#8221; el_class=&#8221;verge-image&#8221;][vc_column_text el_class=&#8221;verge-text&#8221;]1 yard = 27 bags = 765L[\/vc_column_text][\/vc_tta_section]<\/div>\n\t\t<\/div>\n\t\t\t\t<div class=\"dist-accordion-section\">\n\t\t\t<div class=\"dist-accordion-title\"><h4>1 yard of soil<\/h4><\/div>\n\t\t\t<div class=\"dist-accordion-content\">[vc_tta_section tab_id=&#8221;1624305489957-fddd1711-b6f1&#8243; el_class=&#8221;verge-faq&#8221;][vc_single_image image=&#8221;345&#8243; img_size=&#8221;full&#8221; el_class=&#8221;verge-image&#8221;][vc_column_text el_class=&#8221;verge-text&#8221;]1 yard = 27 bags = 765L[\/vc_column_text][\/vc_tta_section]<\/div>\n\t\t<\/div>\n\t\t\t\t<div class=\"dist-accordion-section\">\n\t\t\t<div class=\"dist-accordion-title\"><h4>1 yard of gravel<\/h4><\/div>\n\t\t\t<div class=\"dist-accordion-content\">[vc_tta_section tab_id=&#8221;1624305524456-d407a209-aa36&#8243; el_class=&#8221;verge-faq&#8221;][vc_single_image image=&#8221;341&#8243; img_size=&#8221;full&#8221; el_class=&#8221;verge-image&#8221;][vc_column_text el_class=&#8221;verge-text&#8221;]1 yard = 27 bags = 765L[\/vc_column_text][\/vc_tta_section]<\/div>\n\t\t<\/div>\n\t\t\t\t<div class=\"dist-accordion-section\">\n\t\t\t<div class=\"dist-accordion-title\"><h4>1 trip of mulch (18 yards)<\/h4><\/div>\n\t\t\t<div class=\"dist-accordion-content\">[vc_tta_section tab_id=&#8221;1624305528253-1444df98-7f19&#8243; el_class=&#8221;verge-faq&#8221;][vc_single_image image=&#8221;349&#8243; img_size=&#8221;full&#8221; el_class=&#8221;verge-image&#8221;][vc_column_text el_class=&#8221;verge-text&#8221;]1 yard = 27 bags = 765L[\/vc_column_text][\/vc_tta_section]<\/div>\n\t\t<\/div>\n\t\t\t\t<div class=\"dist-accordion-section\">\n\t\t\t<div class=\"dist-accordion-title\"><h4>1 trip of soil (18 yards)<\/h4><\/div>\n\t\t\t<div class=\"dist-accordion-content\">[vc_tta_section tab_id=&#8221;1624305530180-3261d51a-a4d6&#8243; el_class=&#8221;verge-faq&#8221;][vc_single_image image=&#8221;351&#8243; img_size=&#8221;full&#8221; el_class=&#8221;verge-image&#8221;][vc_column_text el_class=&#8221;verge-text&#8221;]1 yard = 27 bags = 765L[\/vc_column_text][\/vc_tta_section]<\/div>\n\t\t<\/div>\n\t\t\t\t<div class=\"dist-accordion-section\">\n\t\t\t<div class=\"dist-accordion-title\"><h4>1 trip of gravel (16 yards)<\/h4><\/div>\n\t\t\t<div class=\"dist-accordion-content\">[vc_tta_section tab_id=&#8221;1624305532640-e3d4f87b-3db3&#8243; el_class=&#8221;verge-faq&#8221;][vc_single_image image=&#8221;347&#8243; img_size=&#8221;full&#8221; el_class=&#8221;verge-image&#8221;][vc_column_text el_class=&#8221;verge-text&#8221;]1 yard = 27 bags = 765L[\/vc_column_text][\/vc_tta_section]<\/div>\n\t\t<\/div>\n\t\t\t\t<\/div>\n\t\t[\/vc_column][\/vc_row][\/vc_section][vc_row parallax=&#8221;content-moving&#8221; parallax_speed_bg=&#8221;1.25&#8243; type=&#8221;in_grid&#8221; el_class=&#8221;cta-row padding-v-200&#8243; css=&#8221;.vc_custom_1624303181061{background-image: url(http:\/\/carrierevdm.com\/wp-content\/uploads\/2021\/06\/services-cta-bg.jpg?id=259) !important;}&#8221;][vc_column width=&#8221;1\/2&#8243;][vc_column_text css_animation=&#8221;fadeIn&#8221; el_class=&#8221;cta-flexibilite&#8221;]No matter the size of your project, VDM is your supplier of choice for bulk products.[\/vc_column_text]<a href=\"\/en\/contact-us\" target=\"_self\" class=\"dist-btn wpb_animate_when_almost_visible wpb_fadeIn fadeIn\">Contact us today<\/a>[\/vc_column][vc_column width=&#8221;1\/2&#8243;][vc_column_text css_animation=&#8221;fadeIn&#8221; el_class=&#8221;cta-livraison&#8221;]The reference in<br \/>\n<u>bulk products.<\/u>[\/vc_column_text][\/vc_column][\/vc_row]<\/p>\n<\/div>","protected":false},"excerpt":{"rendered":"<p>[vc_section el_class=&#8221;section-no-padding section-no-margin big-arrow-bottom&#8221;][vc_row parallax=&#8221;content-moving&#8221; parallax_image=&#8221;505&#8243; parallax_speed_bg=&#8221;1.25&#8243; type=&#8221;full_width&#8221; el_class=&#8221;text-image-row align-items-center padding-v-100 parallax-left parallax-blend-lighten&#8221;][vc_column width=&#8221;7\/12&#8243; el_class=&#8221;text-col&#8221;][vc_column_text css_animation=&#8221;fadeIn&#8221;] About VDM Carri\u00e8re Sabli\u00e8re VDM, formerly Materre en vrac, is a family company that has gained an important place in the Outaouais region over the years. We are proud to say that we are celebrating our 10th anniversary this [&hellip;]<\/p>\n","protected":false},"author":1,"featured_media":0,"parent":0,"menu_order":0,"comment_status":"closed","ping_status":"closed","template":"","meta":{"footnotes":""},"class_list":["post-435","page","type-page","status-publish","hentry"],"yoast_head":"<!-- This site is optimized with the Yoast SEO plugin v25.6 - https:\/\/yoast.com\/wordpress\/plugins\/seo\/ -->\n<title>About us &#8211; VDM Carri\u00e8re Sabli\u00e8re<\/title>\n<meta name=\"robots\" content=\"index, follow, max-snippet:-1, max-image-preview:large, max-video-preview:-1\" \/>\n<link rel=\"canonical\" href=\"https:\/\/carrierevdm.com\/en\/about-us\/\" \/>\n<meta property=\"og:locale\" content=\"en_US\" \/>\n<meta property=\"og:type\" content=\"article\" \/>\n<meta property=\"og:title\" content=\"About us &#8211; VDM Carri\u00e8re Sabli\u00e8re\" \/>\n<meta property=\"og:description\" content=\"[vc_section el_class=&#8221;section-no-padding section-no-margin big-arrow-bottom&#8221;][vc_row parallax=&#8221;content-moving&#8221; parallax_image=&#8221;505&#8243; parallax_speed_bg=&#8221;1.25&#8243; type=&#8221;full_width&#8221; el_class=&#8221;text-image-row align-items-center padding-v-100 parallax-left parallax-blend-lighten&#8221;][vc_column width=&#8221;7\/12&#8243; el_class=&#8221;text-col&#8221;][vc_column_text css_animation=&#8221;fadeIn&#8221;] About VDM Carri\u00e8re Sabli\u00e8re VDM, formerly Materre en vrac, is a family company that has gained an important place in the Outaouais region over the years. We are proud to say that we are celebrating our 10th anniversary this [&hellip;]\" \/>\n<meta property=\"og:url\" content=\"https:\/\/carrierevdm.com\/en\/about-us\/\" \/>\n<meta property=\"og:site_name\" content=\"VDM Carri\u00e8re Sabli\u00e8re\" \/>\n<meta property=\"article:modified_time\" content=\"2024-05-13T15:47:38+00:00\" \/>\n<meta property=\"og:image\" content=\"https:\/\/carrierevdm.com\/wp-content\/uploads\/2021\/06\/social.jpg\" \/>\n\t<meta property=\"og:image:width\" content=\"1200\" \/>\n\t<meta property=\"og:image:height\" content=\"1200\" \/>\n\t<meta property=\"og:image:type\" content=\"image\/jpeg\" \/>\n<meta name=\"twitter:card\" content=\"summary_large_image\" \/>\n<meta name=\"twitter:label1\" content=\"Est. reading time\" \/>\n\t<meta name=\"twitter:data1\" content=\"3 minutes\" \/>\n<script type=\"application\/ld+json\" class=\"yoast-schema-graph\">{\"@context\":\"https:\/\/schema.org\",\"@graph\":[{\"@type\":\"WebPage\",\"@id\":\"https:\/\/carrierevdm.com\/en\/about-us\/\",\"url\":\"https:\/\/carrierevdm.com\/en\/about-us\/\",\"name\":\"About us &#8211; VDM Carri\u00e8re Sabli\u00e8re\",\"isPartOf\":{\"@id\":\"https:\/\/carrierevdm.com\/#website\"},\"datePublished\":\"2021-06-17T15:34:29+00:00\",\"dateModified\":\"2024-05-13T15:47:38+00:00\",\"breadcrumb\":{\"@id\":\"https:\/\/carrierevdm.com\/en\/about-us\/#breadcrumb\"},\"inLanguage\":\"en-CA\",\"potentialAction\":[{\"@type\":\"ReadAction\",\"target\":[\"https:\/\/carrierevdm.com\/en\/about-us\/\"]}]},{\"@type\":\"BreadcrumbList\",\"@id\":\"https:\/\/carrierevdm.com\/en\/about-us\/#breadcrumb\",\"itemListElement\":[{\"@type\":\"ListItem\",\"position\":1,\"name\":\"Accueil\",\"item\":\"https:\/\/carrierevdm.com\/en\/\"},{\"@type\":\"ListItem\",\"position\":2,\"name\":\"About us\"}]},{\"@type\":\"WebSite\",\"@id\":\"https:\/\/carrierevdm.com\/#website\",\"url\":\"https:\/\/carrierevdm.com\/\",\"name\":\"VDM Carri\u00e8re Sabli\u00e8re\",\"description\":\"La r\u00e9f\u00e9rence en produits en vrac en Outaouais\",\"potentialAction\":[{\"@type\":\"SearchAction\",\"target\":{\"@type\":\"EntryPoint\",\"urlTemplate\":\"https:\/\/carrierevdm.com\/?s={search_term_string}\"},\"query-input\":{\"@type\":\"PropertyValueSpecification\",\"valueRequired\":true,\"valueName\":\"search_term_string\"}}],\"inLanguage\":\"en-CA\"}]}<\/script>\n<!-- \/ Yoast SEO plugin. -->","yoast_head_json":{"title":"About us &#8211; VDM Carri\u00e8re Sabli\u00e8re","robots":{"index":"index","follow":"follow","max-snippet":"max-snippet:-1","max-image-preview":"max-image-preview:large","max-video-preview":"max-video-preview:-1"},"canonical":"https:\/\/carrierevdm.com\/en\/about-us\/","og_locale":"en_US","og_type":"article","og_title":"About us &#8211; VDM Carri\u00e8re Sabli\u00e8re","og_description":"[vc_section el_class=&#8221;section-no-padding section-no-margin big-arrow-bottom&#8221;][vc_row parallax=&#8221;content-moving&#8221; parallax_image=&#8221;505&#8243; parallax_speed_bg=&#8221;1.25&#8243; type=&#8221;full_width&#8221; el_class=&#8221;text-image-row align-items-center padding-v-100 parallax-left parallax-blend-lighten&#8221;][vc_column width=&#8221;7\/12&#8243; el_class=&#8221;text-col&#8221;][vc_column_text css_animation=&#8221;fadeIn&#8221;] About VDM Carri\u00e8re Sabli\u00e8re VDM, formerly Materre en vrac, is a family company that has gained an important place in the Outaouais region over the years. We are proud to say that we are celebrating our 10th anniversary this [&hellip;]","og_url":"https:\/\/carrierevdm.com\/en\/about-us\/","og_site_name":"VDM Carri\u00e8re Sabli\u00e8re","article_modified_time":"2024-05-13T15:47:38+00:00","og_image":[{"width":1200,"height":1200,"url":"https:\/\/carrierevdm.com\/wp-content\/uploads\/2021\/06\/social.jpg","type":"image\/jpeg"}],"twitter_card":"summary_large_image","twitter_misc":{"Est. reading time":"3 minutes"},"schema":{"@context":"https:\/\/schema.org","@graph":[{"@type":"WebPage","@id":"https:\/\/carrierevdm.com\/en\/about-us\/","url":"https:\/\/carrierevdm.com\/en\/about-us\/","name":"About us &#8211; VDM Carri\u00e8re Sabli\u00e8re","isPartOf":{"@id":"https:\/\/carrierevdm.com\/#website"},"datePublished":"2021-06-17T15:34:29+00:00","dateModified":"2024-05-13T15:47:38+00:00","breadcrumb":{"@id":"https:\/\/carrierevdm.com\/en\/about-us\/#breadcrumb"},"inLanguage":"en-CA","potentialAction":[{"@type":"ReadAction","target":["https:\/\/carrierevdm.com\/en\/about-us\/"]}]},{"@type":"BreadcrumbList","@id":"https:\/\/carrierevdm.com\/en\/about-us\/#breadcrumb","itemListElement":[{"@type":"ListItem","position":1,"name":"Accueil","item":"https:\/\/carrierevdm.com\/en\/"},{"@type":"ListItem","position":2,"name":"About us"}]},{"@type":"WebSite","@id":"https:\/\/carrierevdm.com\/#website","url":"https:\/\/carrierevdm.com\/","name":"VDM Carri\u00e8re Sabli\u00e8re","description":"La r\u00e9f\u00e9rence en produits en vrac en Outaouais","potentialAction":[{"@type":"SearchAction","target":{"@type":"EntryPoint","urlTemplate":"https:\/\/carrierevdm.com\/?s={search_term_string}"},"query-input":{"@type":"PropertyValueSpecification","valueRequired":true,"valueName":"search_term_string"}}],"inLanguage":"en-CA"}]}},"_links":{"self":[{"href":"https:\/\/carrierevdm.com\/en\/wp-json\/wp\/v2\/pages\/435"}],"collection":[{"href":"https:\/\/carrierevdm.com\/en\/wp-json\/wp\/v2\/pages"}],"about":[{"href":"https:\/\/carrierevdm.com\/en\/wp-json\/wp\/v2\/types\/page"}],"author":[{"embeddable":true,"href":"https:\/\/carrierevdm.com\/en\/wp-json\/wp\/v2\/users\/1"}],"replies":[{"embeddable":true,"href":"https:\/\/carrierevdm.com\/en\/wp-json\/wp\/v2\/comments?post=435"}],"version-history":[{"count":17,"href":"https:\/\/carrierevdm.com\/en\/wp-json\/wp\/v2\/pages\/435\/revisions"}],"predecessor-version":[{"id":876,"href":"https:\/\/carrierevdm.com\/en\/wp-json\/wp\/v2\/pages\/435\/revisions\/876"}],"wp:attachment":[{"href":"https:\/\/carrierevdm.com\/en\/wp-json\/wp\/v2\/media?parent=435"}],"curies":[{"name":"wp","href":"https:\/\/api.w.org\/{rel}","templated":true}]}}