{"id":427,"date":"2021-06-16T20:15:50","date_gmt":"2021-06-16T20:15:50","guid":{"rendered":"http:\/\/carrierevdm.com\/page-d-exemple\/"},"modified":"2024-05-13T11:43:00","modified_gmt":"2024-05-13T15:43:00","slug":"page-d-exemple","status":"publish","type":"page","link":"https:\/\/carrierevdm.com\/en\/","title":{"rendered":"Home"},"content":{"rendered":"<div class=\"wpb-content-wrapper\"><p>[vc_row full_height=&#8221;yes&#8221; type=&#8221;full_width&#8221; video_file_bg=&#8221;true&#8221; el_id=&#8221;hero-header&#8221; video_mp4=&#8221;\/wp-content\/uploads\/2021\/06\/video-accueil.mp4&#8243; video_image=&#8221;45&#8243; css=&#8221;.vc_custom_1624297650652{background-image: url(http:\/\/carrierevdm.com\/wp-content\/uploads\/2021\/06\/hero-placeholder.png?id=45) !important;}&#8221;][vc_column][vc_single_image image=&#8221;189&#8243; img_size=&#8221;full&#8221; alignment=&#8221;center&#8221; css_animation=&#8221;fadeIn&#8221; el_class=&#8221;hero-logo&#8221;][vc_row_inner type=&#8221;in_grid&#8221; el_class=&#8221;hero-bottom custom-container&#8221;][vc_column_inner width=&#8221;1\/4&#8243;][vc_single_image image=&#8221;49&#8243; img_size=&#8221;full&#8221; onclick=&#8221;custom_link&#8221; css_animation=&#8221;none&#8221; link=&#8221;#main-content&#8221; el_class=&#8221;hero-arrow-down&#8221;][\/vc_column_inner][vc_column_inner width=&#8221;3\/4&#8243;][vc_column_text css_animation=&#8221;none&#8221; el_class=&#8221;hero-youtube-link&#8221;]<\/p>\n<p style=\"text-align: right;\"><a href=\"https:\/\/youtu.be\/by00KDl-Sq4\" target=\"_blank\" rel=\"noopener\">Watch the <em>full video<\/em><\/a><\/p>\n<p>[\/vc_column_text][\/vc_column_inner][\/vc_row_inner][\/vc_column][\/vc_row][vc_section el_id=&#8221;main-content&#8221; el_class=&#8221;gradient-background big-arrow-bottom&#8221;][vc_row type=&#8221;full_width&#8221; el_class=&#8221;home-featured-row padding-v-200&#8243;][vc_column][vc_column_text css_animation=&#8221;fadeIn&#8221;]<\/p>\n<h2>Our bulk products<\/h2>\n<p>[\/vc_column_text]<div class=\"dist-shortcode-container wpb_content_element\">\n\t\t<div class=\"owl-carousel owl-theme owl-featured-products wpb_animate_when_almost_visible wpb_fadeIn fadeIn\">\n\t\t\t\t\t\t\t<div class=\"product-container\">\n\t\t\t\t\t<div class=\"product-image\">\n\t\t\t\t\t\t<img loading=\"lazy\" decoding=\"async\" width=\"142\" height=\"148\" src=\"https:\/\/carrierevdm.com\/wp-content\/uploads\/2021\/06\/dust.png\" class=\"attachment-post-thumbnail size-post-thumbnail wp-post-image\" alt=\"\" \/>\t\t\t\t\t<\/div>\n\t\t\t\t\t<p class=\"product-name\">\n\t\t\t\t\t\tDust\t\t\t\t\t<\/p>\n\t\t\t\t<\/div>\n\t\t\t\t\t\t\t<div class=\"product-container\">\n\t\t\t\t\t<div class=\"product-image\">\n\t\t\t\t\t\t<img loading=\"lazy\" decoding=\"async\" width=\"144\" height=\"148\" src=\"https:\/\/carrierevdm.com\/wp-content\/uploads\/2021\/06\/pierre-0-34.png\" class=\"attachment-post-thumbnail size-post-thumbnail wp-post-image\" alt=\"\" \/>\t\t\t\t\t<\/div>\n\t\t\t\t\t<p class=\"product-name\">\n\t\t\t\t\t\t0\u2013\u00be (MG-20)\t\t\t\t\t<\/p>\n\t\t\t\t<\/div>\n\t\t\t\t\t\t\t<div class=\"product-container\">\n\t\t\t\t\t<div class=\"product-image\">\n\t\t\t\t\t\t<img loading=\"lazy\" decoding=\"async\" width=\"142\" height=\"148\" src=\"https:\/\/carrierevdm.com\/wp-content\/uploads\/2021\/06\/pierre-34-nette.png\" class=\"attachment-post-thumbnail size-post-thumbnail wp-post-image\" alt=\"\" \/>\t\t\t\t\t<\/div>\n\t\t\t\t\t<p class=\"product-name\">\n\t\t\t\t\t\t\u00be clear (10\u201320 mm)\t\t\t\t\t<\/p>\n\t\t\t\t<\/div>\n\t\t\t\t\t\t\t<div class=\"product-container\">\n\t\t\t\t\t<div class=\"product-image\">\n\t\t\t\t\t\t<img loading=\"lazy\" decoding=\"async\" width=\"142\" height=\"148\" src=\"https:\/\/carrierevdm.com\/wp-content\/uploads\/2021\/06\/pierre-de-riviere.png\" class=\"attachment-post-thumbnail size-post-thumbnail wp-post-image\" alt=\"\" \/>\t\t\t\t\t<\/div>\n\t\t\t\t\t<p class=\"product-name\">\n\t\t\t\t\t\tRiver rocks\t\t\t\t\t<\/p>\n\t\t\t\t<\/div>\n\t\t\t\t\t\t\t<div class=\"product-container\">\n\t\t\t\t\t<div class=\"product-image\">\n\t\t\t\t\t\t<img loading=\"lazy\" decoding=\"async\" width=\"154\" height=\"160\" src=\"https:\/\/carrierevdm.com\/wp-content\/uploads\/2021\/06\/terre-noire.png\" class=\"attachment-post-thumbnail size-post-thumbnail wp-post-image\" alt=\"\" \/>\t\t\t\t\t<\/div>\n\t\t\t\t\t<p class=\"product-name\">\n\t\t\t\t\t\tBlack soil\t\t\t\t\t<\/p>\n\t\t\t\t<\/div>\n\t\t\t\t\t\t\t<div class=\"product-container\">\n\t\t\t\t\t<div class=\"product-image\">\n\t\t\t\t\t\t<img loading=\"lazy\" decoding=\"async\" width=\"154\" height=\"160\" src=\"https:\/\/carrierevdm.com\/wp-content\/uploads\/2021\/06\/terre-a-jardin.png\" class=\"attachment-post-thumbnail size-post-thumbnail wp-post-image\" alt=\"\" \/>\t\t\t\t\t<\/div>\n\t\t\t\t\t<p class=\"product-name\">\n\t\t\t\t\t\tGarden soil\t\t\t\t\t<\/p>\n\t\t\t\t<\/div>\n\t\t\t\t\t\t\t<div class=\"product-container\">\n\t\t\t\t\t<div class=\"product-image\">\n\t\t\t\t\t\t<img loading=\"lazy\" decoding=\"async\" width=\"147\" height=\"152\" src=\"https:\/\/carrierevdm.com\/wp-content\/uploads\/2021\/06\/top-soil-compost.png\" class=\"attachment-post-thumbnail size-post-thumbnail wp-post-image\" alt=\"\" \/>\t\t\t\t\t<\/div>\n\t\t\t\t\t<p class=\"product-name\">\n\t\t\t\t\t\tTop soil compost\t\t\t\t\t<\/p>\n\t\t\t\t<\/div>\n\t\t\t\t\t<\/div>\n\n\t<\/div>[vc_column_text css_animation=&#8221;fadeIn&#8221;]VDM always meets the highest demands in terms of the quality of bulk products.<br \/>\nWhatever your project, we have a comprehensive selection of soil, compost, mulch, sand and rock.[\/vc_column_text]<a href=\"\/en\/bulk-products\" target=\"_self\" class=\"dist-btn wpb_animate_when_almost_visible wpb_fadeIn fadeIn\">See our bulk products<\/a>[\/vc_column][\/vc_row][vc_row type=&#8221;full_width&#8221; el_class=&#8221;home-tradition-row text-image-row align-items-center&#8221;][vc_column width=&#8221;7\/12&#8243; el_class=&#8221;text-col with-left-arrow&#8221;][vc_column_text css_animation=&#8221;fadeIn&#8221;]<\/p>\n<h2>A family tradition<\/h2>\n<p>No matter the size of your project, VDM is your supplier of choice for bulk products. We offer a comprehensive selection of quality products: top soil, garden soil, mixed soil, compost, compaction sand, grout sand, mulch, rocks and more.[\/vc_column_text]<a href=\"\/en\/bulk-products\" target=\"_self\" class=\"dist-btn wpb_animate_when_almost_visible wpb_fadeIn fadeIn\">Learn more<\/a>[\/vc_column][vc_column width=&#8221;5\/12&#8243; el_class=&#8221;no-padding-col&#8221;][vc_single_image image=&#8221;179&#8243; img_size=&#8221;full&#8221; alignment=&#8221;right&#8221; css_animation=&#8221;none&#8221;][\/vc_column][\/vc_row][vc_row parallax=&#8221;content-moving&#8221; parallax_image=&#8221;193&#8243; type=&#8221;full_width&#8221; el_class=&#8221;home-reference-row padding-v-200 parallax-blend-lighten&#8221;][vc_column][vc_column_text css_animation=&#8221;fadeIn&#8221;]<\/p>\n<h2>The reference<\/h2>\n<p>in custom-made products in Outaouais[\/vc_column_text]<a href=\"\/en\/custom-made-products\" target=\"_self\" class=\"dist-btn wpb_animate_when_almost_visible wpb_fadeIn fadeIn\">Our custom-made products<\/a>[\/vc_column][\/vc_row][\/vc_section][vc_row parallax=&#8221;content-moving&#8221; parallax_speed_bg=&#8221;1.25&#8243; type=&#8221;in_grid&#8221; el_class=&#8221;cta-row padding-v-200&#8243; css=&#8221;.vc_custom_1624303181061{background-image: url(http:\/\/carrierevdm.com\/wp-content\/uploads\/2021\/06\/services-cta-bg.jpg?id=259) !important;}&#8221;][vc_column width=&#8221;1\/2&#8243;][vc_column_text css_animation=&#8221;fadeIn&#8221; el_class=&#8221;cta-flexibilite&#8221;]No matter the size of your project, VDM is your supplier of choice for bulk products.[\/vc_column_text]<a href=\"\/en\/contact-us\" target=\"_self\" class=\"dist-btn wpb_animate_when_almost_visible wpb_fadeIn fadeIn\">Contact us today<\/a>[\/vc_column][vc_column width=&#8221;1\/2&#8243;][vc_column_text css_animation=&#8221;fadeIn&#8221; el_class=&#8221;cta-livraison&#8221;]The reference in<br \/>\n<u>bulk products.<\/u>[\/vc_column_text][\/vc_column][\/vc_row]<\/p>\n<\/div>","protected":false},"excerpt":{"rendered":"<p>[vc_row full_height=&#8221;yes&#8221; type=&#8221;full_width&#8221; video_file_bg=&#8221;true&#8221; el_id=&#8221;hero-header&#8221; video_mp4=&#8221;\/wp-content\/uploads\/2021\/06\/video-accueil.mp4&#8243; video_image=&#8221;45&#8243; css=&#8221;.vc_custom_1624297650652{background-image: url(http:\/\/carrierevdm.com\/wp-content\/uploads\/2021\/06\/hero-placeholder.png?id=45) !important;}&#8221;][vc_column][vc_single_image image=&#8221;189&#8243; img_size=&#8221;full&#8221; alignment=&#8221;center&#8221; css_animation=&#8221;fadeIn&#8221; el_class=&#8221;hero-logo&#8221;][vc_row_inner type=&#8221;in_grid&#8221; el_class=&#8221;hero-bottom custom-container&#8221;][vc_column_inner width=&#8221;1\/4&#8243;][vc_single_image image=&#8221;49&#8243; img_size=&#8221;full&#8221; onclick=&#8221;custom_link&#8221; css_animation=&#8221;none&#8221; link=&#8221;#main-content&#8221; el_class=&#8221;hero-arrow-down&#8221;][\/vc_column_inner][vc_column_inner width=&#8221;3\/4&#8243;][vc_column_text css_animation=&#8221;none&#8221; el_class=&#8221;hero-youtube-link&#8221;] Watch the full video [\/vc_column_text][\/vc_column_inner][\/vc_row_inner][\/vc_column][\/vc_row][vc_section el_id=&#8221;main-content&#8221; el_class=&#8221;gradient-background big-arrow-bottom&#8221;][vc_row type=&#8221;full_width&#8221; el_class=&#8221;home-featured-row padding-v-200&#8243;][vc_column][vc_column_text css_animation=&#8221;fadeIn&#8221;] Our bulk products [\/vc_column_text][vc_column_text css_animation=&#8221;fadeIn&#8221;]VDM always meets the highest demands in terms of the quality [&hellip;]<\/p>\n","protected":false},"author":1,"featured_media":0,"parent":0,"menu_order":0,"comment_status":"closed","ping_status":"closed","template":"","meta":{"footnotes":""},"class_list":["post-427","page","type-page","status-publish","hentry"],"yoast_head":"<!-- This site is optimized with the Yoast SEO plugin v25.6 - https:\/\/yoast.com\/wordpress\/plugins\/seo\/ -->\n<title>VDM Carri\u00e8re Sabli\u00e8re &#8211; The reference in bulk products in Outaouais<\/title>\n<meta name=\"robots\" content=\"index, follow, max-snippet:-1, max-image-preview:large, max-video-preview:-1\" \/>\n<link rel=\"canonical\" href=\"https:\/\/carrierevdm.com\/en\/\" \/>\n<meta property=\"og:locale\" content=\"en_US\" \/>\n<meta property=\"og:type\" content=\"article\" \/>\n<meta property=\"og:title\" content=\"VDM Carri\u00e8re Sabli\u00e8re &#8211; The reference in bulk products in Outaouais\" \/>\n<meta property=\"og:description\" content=\"[vc_row full_height=&#8221;yes&#8221; type=&#8221;full_width&#8221; video_file_bg=&#8221;true&#8221; el_id=&#8221;hero-header&#8221; video_mp4=&#8221;\/wp-content\/uploads\/2021\/06\/video-accueil.mp4&#8243; video_image=&#8221;45&#8243; css=&#8221;.vc_custom_1624297650652{background-image: url(http:\/\/carrierevdm.com\/wp-content\/uploads\/2021\/06\/hero-placeholder.png?id=45) !important;}&#8221;][vc_column][vc_single_image image=&#8221;189&#8243; img_size=&#8221;full&#8221; alignment=&#8221;center&#8221; css_animation=&#8221;fadeIn&#8221; el_class=&#8221;hero-logo&#8221;][vc_row_inner type=&#8221;in_grid&#8221; el_class=&#8221;hero-bottom custom-container&#8221;][vc_column_inner width=&#8221;1\/4&#8243;][vc_single_image image=&#8221;49&#8243; img_size=&#8221;full&#8221; onclick=&#8221;custom_link&#8221; css_animation=&#8221;none&#8221; link=&#8221;#main-content&#8221; el_class=&#8221;hero-arrow-down&#8221;][\/vc_column_inner][vc_column_inner width=&#8221;3\/4&#8243;][vc_column_text css_animation=&#8221;none&#8221; el_class=&#8221;hero-youtube-link&#8221;] Watch the full video [\/vc_column_text][\/vc_column_inner][\/vc_row_inner][\/vc_column][\/vc_row][vc_section el_id=&#8221;main-content&#8221; el_class=&#8221;gradient-background big-arrow-bottom&#8221;][vc_row type=&#8221;full_width&#8221; el_class=&#8221;home-featured-row padding-v-200&#8243;][vc_column][vc_column_text css_animation=&#8221;fadeIn&#8221;] Our bulk products [\/vc_column_text][vc_column_text css_animation=&#8221;fadeIn&#8221;]VDM always meets the highest demands in terms of the quality [&hellip;]\" \/>\n<meta property=\"og:url\" content=\"https:\/\/carrierevdm.com\/en\/\" \/>\n<meta property=\"og:site_name\" content=\"VDM Carri\u00e8re Sabli\u00e8re\" \/>\n<meta property=\"article:modified_time\" content=\"2024-05-13T15:43:00+00:00\" \/>\n<meta property=\"og:image\" content=\"https:\/\/carrierevdm.com\/wp-content\/uploads\/2021\/06\/social.jpg\" \/>\n\t<meta property=\"og:image:width\" content=\"1200\" \/>\n\t<meta property=\"og:image:height\" content=\"1200\" \/>\n\t<meta property=\"og:image:type\" content=\"image\/jpeg\" \/>\n<meta name=\"twitter:card\" content=\"summary_large_image\" \/>\n<meta name=\"twitter:label1\" content=\"Est. reading time\" \/>\n\t<meta name=\"twitter:data1\" content=\"2 minutes\" \/>\n<script type=\"application\/ld+json\" class=\"yoast-schema-graph\">{\"@context\":\"https:\/\/schema.org\",\"@graph\":[{\"@type\":\"WebPage\",\"@id\":\"https:\/\/carrierevdm.com\/en\/\",\"url\":\"https:\/\/carrierevdm.com\/en\/\",\"name\":\"VDM Carri\u00e8re Sabli\u00e8re &#8211; The reference in bulk products in Outaouais\",\"isPartOf\":{\"@id\":\"https:\/\/carrierevdm.com\/#website\"},\"datePublished\":\"2021-06-16T20:15:50+00:00\",\"dateModified\":\"2024-05-13T15:43:00+00:00\",\"breadcrumb\":{\"@id\":\"https:\/\/carrierevdm.com\/en\/#breadcrumb\"},\"inLanguage\":\"en-CA\",\"potentialAction\":[{\"@type\":\"ReadAction\",\"target\":[\"https:\/\/carrierevdm.com\/en\/\"]}]},{\"@type\":\"BreadcrumbList\",\"@id\":\"https:\/\/carrierevdm.com\/en\/#breadcrumb\",\"itemListElement\":[{\"@type\":\"ListItem\",\"position\":1,\"name\":\"Accueil\",\"item\":\"https:\/\/carrierevdm.com\/en\/\"},{\"@type\":\"ListItem\",\"position\":2,\"name\":\"Home\"}]},{\"@type\":\"WebSite\",\"@id\":\"https:\/\/carrierevdm.com\/#website\",\"url\":\"https:\/\/carrierevdm.com\/\",\"name\":\"VDM Carri\u00e8re Sabli\u00e8re\",\"description\":\"La r\u00e9f\u00e9rence en produits en vrac en Outaouais\",\"potentialAction\":[{\"@type\":\"SearchAction\",\"target\":{\"@type\":\"EntryPoint\",\"urlTemplate\":\"https:\/\/carrierevdm.com\/?s={search_term_string}\"},\"query-input\":{\"@type\":\"PropertyValueSpecification\",\"valueRequired\":true,\"valueName\":\"search_term_string\"}}],\"inLanguage\":\"en-CA\"}]}<\/script>\n<!-- \/ Yoast SEO plugin. -->","yoast_head_json":{"title":"VDM Carri\u00e8re Sabli\u00e8re &#8211; The reference in bulk products in Outaouais","robots":{"index":"index","follow":"follow","max-snippet":"max-snippet:-1","max-image-preview":"max-image-preview:large","max-video-preview":"max-video-preview:-1"},"canonical":"https:\/\/carrierevdm.com\/en\/","og_locale":"en_US","og_type":"article","og_title":"VDM Carri\u00e8re Sabli\u00e8re &#8211; The reference in bulk products in Outaouais","og_description":"[vc_row full_height=&#8221;yes&#8221; type=&#8221;full_width&#8221; video_file_bg=&#8221;true&#8221; el_id=&#8221;hero-header&#8221; video_mp4=&#8221;\/wp-content\/uploads\/2021\/06\/video-accueil.mp4&#8243; video_image=&#8221;45&#8243; css=&#8221;.vc_custom_1624297650652{background-image: url(http:\/\/carrierevdm.com\/wp-content\/uploads\/2021\/06\/hero-placeholder.png?id=45) !important;}&#8221;][vc_column][vc_single_image image=&#8221;189&#8243; img_size=&#8221;full&#8221; alignment=&#8221;center&#8221; css_animation=&#8221;fadeIn&#8221; el_class=&#8221;hero-logo&#8221;][vc_row_inner type=&#8221;in_grid&#8221; el_class=&#8221;hero-bottom custom-container&#8221;][vc_column_inner width=&#8221;1\/4&#8243;][vc_single_image image=&#8221;49&#8243; img_size=&#8221;full&#8221; onclick=&#8221;custom_link&#8221; css_animation=&#8221;none&#8221; link=&#8221;#main-content&#8221; el_class=&#8221;hero-arrow-down&#8221;][\/vc_column_inner][vc_column_inner width=&#8221;3\/4&#8243;][vc_column_text css_animation=&#8221;none&#8221; el_class=&#8221;hero-youtube-link&#8221;] Watch the full video [\/vc_column_text][\/vc_column_inner][\/vc_row_inner][\/vc_column][\/vc_row][vc_section el_id=&#8221;main-content&#8221; el_class=&#8221;gradient-background big-arrow-bottom&#8221;][vc_row type=&#8221;full_width&#8221; el_class=&#8221;home-featured-row padding-v-200&#8243;][vc_column][vc_column_text css_animation=&#8221;fadeIn&#8221;] Our bulk products [\/vc_column_text][vc_column_text css_animation=&#8221;fadeIn&#8221;]VDM always meets the highest demands in terms of the quality [&hellip;]","og_url":"https:\/\/carrierevdm.com\/en\/","og_site_name":"VDM Carri\u00e8re Sabli\u00e8re","article_modified_time":"2024-05-13T15:43:00+00:00","og_image":[{"width":1200,"height":1200,"url":"https:\/\/carrierevdm.com\/wp-content\/uploads\/2021\/06\/social.jpg","type":"image\/jpeg"}],"twitter_card":"summary_large_image","twitter_misc":{"Est. reading time":"2 minutes"},"schema":{"@context":"https:\/\/schema.org","@graph":[{"@type":"WebPage","@id":"https:\/\/carrierevdm.com\/en\/","url":"https:\/\/carrierevdm.com\/en\/","name":"VDM Carri\u00e8re Sabli\u00e8re &#8211; The reference in bulk products in Outaouais","isPartOf":{"@id":"https:\/\/carrierevdm.com\/#website"},"datePublished":"2021-06-16T20:15:50+00:00","dateModified":"2024-05-13T15:43:00+00:00","breadcrumb":{"@id":"https:\/\/carrierevdm.com\/en\/#breadcrumb"},"inLanguage":"en-CA","potentialAction":[{"@type":"ReadAction","target":["https:\/\/carrierevdm.com\/en\/"]}]},{"@type":"BreadcrumbList","@id":"https:\/\/carrierevdm.com\/en\/#breadcrumb","itemListElement":[{"@type":"ListItem","position":1,"name":"Accueil","item":"https:\/\/carrierevdm.com\/en\/"},{"@type":"ListItem","position":2,"name":"Home"}]},{"@type":"WebSite","@id":"https:\/\/carrierevdm.com\/#website","url":"https:\/\/carrierevdm.com\/","name":"VDM Carri\u00e8re Sabli\u00e8re","description":"La r\u00e9f\u00e9rence en produits en vrac en Outaouais","potentialAction":[{"@type":"SearchAction","target":{"@type":"EntryPoint","urlTemplate":"https:\/\/carrierevdm.com\/?s={search_term_string}"},"query-input":{"@type":"PropertyValueSpecification","valueRequired":true,"valueName":"search_term_string"}}],"inLanguage":"en-CA"}]}},"_links":{"self":[{"href":"https:\/\/carrierevdm.com\/en\/wp-json\/wp\/v2\/pages\/427"}],"collection":[{"href":"https:\/\/carrierevdm.com\/en\/wp-json\/wp\/v2\/pages"}],"about":[{"href":"https:\/\/carrierevdm.com\/en\/wp-json\/wp\/v2\/types\/page"}],"author":[{"embeddable":true,"href":"https:\/\/carrierevdm.com\/en\/wp-json\/wp\/v2\/users\/1"}],"replies":[{"embeddable":true,"href":"https:\/\/carrierevdm.com\/en\/wp-json\/wp\/v2\/comments?post=427"}],"version-history":[{"count":15,"href":"https:\/\/carrierevdm.com\/en\/wp-json\/wp\/v2\/pages\/427\/revisions"}],"predecessor-version":[{"id":869,"href":"https:\/\/carrierevdm.com\/en\/wp-json\/wp\/v2\/pages\/427\/revisions\/869"}],"wp:attachment":[{"href":"https:\/\/carrierevdm.com\/en\/wp-json\/wp\/v2\/media?parent=427"}],"curies":[{"name":"wp","href":"https:\/\/api.w.org\/{rel}","templated":true}]}}